{"id":1782,"date":"2021-02-26T03:20:48","date_gmt":"2021-02-26T03:20:48","guid":{"rendered":"https:\/\/mmcholding.net\/fr\/wp_new\/?page_id=1782"},"modified":"2021-05-19T12:01:50","modified_gmt":"2021-05-19T12:01:50","slug":"rse","status":"publish","type":"page","link":"https:\/\/mmcholding.org\/fr\/rse\/","title":{"rendered":"RSE"},"content":{"rendered":"\t\t<div data-elementor-type=\"wp-page\" data-elementor-id=\"1782\" class=\"elementor elementor-1782\">\n\t\t\t\t\t\t<section class=\"elementor-section elementor-top-section elementor-element elementor-element-5b93be26 elementor-section-full_width elementor-section-height-min-height elementor-section-content-top elementor-section-height-default elementor-section-items-middle\" data-id=\"5b93be26\" data-element_type=\"section\" data-settings=\"{&quot;background_background&quot;:&quot;classic&quot;}\">\n\t\t\t\t\t\t\t<div class=\"elementor-background-overlay\"><\/div>\n\t\t\t\t\t\t\t<div class=\"elementor-container elementor-column-gap-default\">\n\t\t\t\t\t<div class=\"elementor-column elementor-col-100 elementor-top-column elementor-element elementor-element-f779a6d\" data-id=\"f779a6d\" data-element_type=\"column\">\n\t\t\t<div class=\"elementor-widget-wrap\">\n\t\t\t\t\t\t\t<\/div>\n\t\t<\/div>\n\t\t\t\t\t<\/div>\n\t\t<\/section>\n\t\t\t\t<section class=\"elementor-section elementor-top-section elementor-element elementor-element-46eefede elementor-section-boxed elementor-section-height-default elementor-section-height-default\" data-id=\"46eefede\" data-element_type=\"section\">\n\t\t\t\t\t\t<div class=\"elementor-container elementor-column-gap-default\">\n\t\t\t\t\t<div class=\"elementor-column elementor-col-100 elementor-top-column elementor-element elementor-element-6c69dc4f\" data-id=\"6c69dc4f\" data-element_type=\"column\">\n\t\t\t<div class=\"elementor-widget-wrap elementor-element-populated\">\n\t\t\t\t\t\t<div class=\"elementor-element elementor-element-1e92a996 elementor-widget elementor-widget-text-editor\" data-id=\"1e92a996\" data-element_type=\"widget\" data-widget_type=\"text-editor.default\">\n\t\t\t\t<div class=\"elementor-widget-container\">\n\t\t\t\t\t\t\t<h3><span style=\"color: #ff0000;\">Programme de responsabilit\u00e9 soci\u00e9tale d&#8217;entreprise (RSE):<\/span><\/h3><p><span style=\"color: #000000;\">MMC croit pleinement en la responsabilit\u00e9 soci\u00e9tale, en raison de l&#8217;impact que l&#8217;institution peut avoir sur son environnement.<\/span><\/p><p><span style=\"color: #000000;\">Nous croyons en notre engagement \u00e0 contribuer au d\u00e9veloppement et \u00e0 am\u00e9liorer la qualit\u00e9 de vie de la communaut\u00e9, MMC participe \u00e0 de nombreuses activit\u00e9s dans les domaines de la sant\u00e9, de l&#8217;\u00e9ducation et de la lutte contre la pauvret\u00e9.<\/span><\/p><p><span style=\"color: #000000;\">Car la contribution de la Fondation n&#8217;est pas seulement repr\u00e9sent\u00e9e dans la production d&#8217;un produit de haute qualit\u00e9, mais aussi le message supr\u00eame \u00e0 travers un produit qui a un r\u00f4le social.<\/span><\/p><p><span style=\"color: #000000;\">Et parce que nous croyons en ce r\u00f4le soci\u00e9tal, nous avons ressenti notre devoir d&#8217;apporter des contributions exemplaires. En cons\u00e9quence, nous avons allou\u00e9 50% de nos b\u00e9n\u00e9fices \u00e0 des projets de d\u00e9veloppement dans les domaines de la sant\u00e9, l&#8217;\u00e9ducation et de la lutte contre la pauvret\u00e9.<\/span><\/p><p><span style=\"color: #000000;\">Cela se fait gr\u00e2ce \u00e0 la coop\u00e9ration avec les institutions qui travaillent dans les diff\u00e9rents domaines de <\/span><br \/><span style=\"color: #000000;\">d\u00e9veloppement communautaire. O\u00f9 nous soutenons le nouvel h\u00f4pital Baheya, l&#8217;h\u00f4pital El Nas, l&#8217;h\u00f4pital Shefaa El Orman et d&#8217;autres contributions utiles.<\/span><\/p><h4><span style=\"color: #ff9900;\"><img fetchpriority=\"high\" decoding=\"async\" class=\"alignleft wp-image-3019\" src=\"https:\/\/mmcholding.org\/fr\/wp_new\/wp-content\/uploads\/2021\/03\/MMC-01-1-1-300x207.jpg\" alt=\"\" width=\"550\" height=\"380\" srcset=\"https:\/\/mmcholding.org\/fr\/wp-content\/uploads\/2021\/03\/MMC-01-1-1-300x207.jpg 300w, https:\/\/mmcholding.org\/fr\/wp-content\/uploads\/2021\/03\/MMC-01-1-1-1024x708.jpg 1024w, https:\/\/mmcholding.org\/fr\/wp-content\/uploads\/2021\/03\/MMC-01-1-1-768x531.jpg 768w, https:\/\/mmcholding.org\/fr\/wp-content\/uploads\/2021\/03\/MMC-01-1-1-1536x1062.jpg 1536w, https:\/\/mmcholding.org\/fr\/wp-content\/uploads\/2021\/03\/MMC-01-1-1-2048x1416.jpg 2048w\" sizes=\"(max-width: 550px) 100vw, 550px\" \/>BAHEYA HOSPITAL<\/span><\/h4><p><span style=\"color: #000000;\">A part of community work in terms of corporate social responsibility, Misr <\/span><span style=\"color: #000000;\">Measurement and Control supports the new Baheya Hospital in Sheikh Zayed <\/span><span style=\"color: #000000;\">City.<\/span><\/p><p><span style=\"color: #000000;\">You can support Baheya Hospital through the following channels;<\/span><br \/><span style=\"color: #000080;\"><a style=\"color: #000080;\" href=\"http:\/\/baheya.org\/ar\/donate\">http:\/\/baheya.org\/ar\/donate<\/a><\/span><\/p><p><span style=\"color: #000000;\">Or through Fawry or on Baheya\u2019s account 66666666 in all Egyptian banks.<\/span><\/p><p><img decoding=\"async\" class=\"alignnone wp-image-3221 size-medium\" src=\"https:\/\/mmcholding.org\/fr\/wp-content\/uploads\/2021\/03\/bahya-300x157.jpg\" alt=\"\" width=\"300\" height=\"157\" srcset=\"https:\/\/mmcholding.org\/fr\/wp-content\/uploads\/2021\/03\/bahya-300x157.jpg 300w, https:\/\/mmcholding.org\/fr\/wp-content\/uploads\/2021\/03\/bahya.jpg 561w\" sizes=\"(max-width: 300px) 100vw, 300px\" \/><\/p><h4><img decoding=\"async\" class=\"alignright wp-image-3020\" src=\"https:\/\/mmcholding.org\/fr\/wp_new\/wp-content\/uploads\/2021\/03\/MMC-01-nas-300x212.jpg\" alt=\"\" width=\"550\" height=\"388\" srcset=\"https:\/\/mmcholding.org\/fr\/wp-content\/uploads\/2021\/03\/MMC-01-nas-300x212.jpg 300w, https:\/\/mmcholding.org\/fr\/wp-content\/uploads\/2021\/03\/MMC-01-nas-1024x723.jpg 1024w, https:\/\/mmcholding.org\/fr\/wp-content\/uploads\/2021\/03\/MMC-01-nas-768x542.jpg 768w, https:\/\/mmcholding.org\/fr\/wp-content\/uploads\/2021\/03\/MMC-01-nas-1536x1085.jpg 1536w, https:\/\/mmcholding.org\/fr\/wp-content\/uploads\/2021\/03\/MMC-01-nas-2048x1446.jpg 2048w\" sizes=\"(max-width: 550px) 100vw, 550px\" \/><span style=\"color: #ff9900;\">AL NAS HOSPITAL<\/span><\/h4><p><span style=\"color: #000000;\">A part of community work in terms of corporate social responsibility, Misr <\/span><span style=\"color: #000000;\">Measurement and Control supports Al-Nas Hospital<\/span><br \/><span style=\"color: #000000;\">by establishing an intensive care unit, under the name of Eng. Ahmed Fouad <\/span><span style=\"color: #000000;\">Ashmawi.<\/span><\/p><p><span style=\"color: #000000;\">You can support El Nas Hospital through the following channels;<br \/><\/span><span style=\"color: #000000;\">National Bank of Egypt &#8211; Banque Misr &#8211; CIB Bank<br \/><\/span><span style=\"color: #000000;\">Account number 16441<\/span><\/p><p><span style=\"color: #000000;\">To donate from outside Egypt on the CIB account: 100036909708<\/span><br \/><span style=\"color: #000000;\">Swift code Fifth Settlement: (CIBEEGCX145)<\/span><\/p><p><img loading=\"lazy\" decoding=\"async\" class=\"alignnone wp-image-3242 size-medium\" src=\"https:\/\/mmcholding.org\/fr\/wp-content\/uploads\/2021\/03\/nas.jpg-241x300.png\" alt=\"\" width=\"241\" height=\"300\" srcset=\"https:\/\/mmcholding.org\/fr\/wp-content\/uploads\/2021\/03\/nas.jpg-241x300.png 241w, https:\/\/mmcholding.org\/fr\/wp-content\/uploads\/2021\/03\/nas.jpg.png 490w\" sizes=\"(max-width: 241px) 100vw, 241px\" \/><\/p><p style=\"text-align: left;\"><span style=\"color: #000000;\">A part of community work in terms of corporate social responsibility, Misr for<br \/>Measurement and Control supports Shefaa Al Orman Hospital.<\/span><\/p><p style=\"text-align: left;\"><span style=\"color: #000000;\"><img loading=\"lazy\" decoding=\"async\" class=\"alignnone wp-image-3243 size-medium\" src=\"https:\/\/mmcholding.org\/fr\/wp-content\/uploads\/2021\/03\/el-orman.jpg-300x169.png\" alt=\"\" width=\"300\" height=\"169\" srcset=\"https:\/\/mmcholding.org\/fr\/wp-content\/uploads\/2021\/03\/el-orman.jpg-300x169.png 300w, https:\/\/mmcholding.org\/fr\/wp-content\/uploads\/2021\/03\/el-orman.jpg.png 646w\" sizes=\"(max-width: 300px) 100vw, 300px\" \/>\u00a0<\/span><\/p>\t\t\t\t\t\t<\/div>\n\t\t\t\t<\/div>\n\t\t\t\t\t<\/div>\n\t\t<\/div>\n\t\t\t\t\t<\/div>\n\t\t<\/section>\n\t\t\t\t<\/div>\n\t\t","protected":false},"excerpt":{"rendered":"<p>Programme de responsabilit\u00e9 soci\u00e9tale d&#8217;entreprise (RSE): MMC croit pleinement en la responsabilit\u00e9 soci\u00e9tale, en raison de l&#8217;impact que l&#8217;institution peut avoir sur son environnement. Nous croyons en notre engagement \u00e0 contribuer au d\u00e9veloppement et \u00e0 am\u00e9liorer la qualit\u00e9 de vie de la communaut\u00e9, MMC participe \u00e0 de nombreuses activit\u00e9s dans les domaines de la sant\u00e9, [&hellip;]<\/p>\n","protected":false},"author":4,"featured_media":0,"parent":0,"menu_order":0,"comment_status":"closed","ping_status":"closed","template":"elementor_header_footer","meta":{"footnotes":""},"class_list":["post-1782","page","type-page","status-publish","hentry"],"_links":{"self":[{"href":"https:\/\/mmcholding.org\/fr\/wp-json\/wp\/v2\/pages\/1782","targetHints":{"allow":["GET"]}}],"collection":[{"href":"https:\/\/mmcholding.org\/fr\/wp-json\/wp\/v2\/pages"}],"about":[{"href":"https:\/\/mmcholding.org\/fr\/wp-json\/wp\/v2\/types\/page"}],"author":[{"embeddable":true,"href":"https:\/\/mmcholding.org\/fr\/wp-json\/wp\/v2\/users\/4"}],"replies":[{"embeddable":true,"href":"https:\/\/mmcholding.org\/fr\/wp-json\/wp\/v2\/comments?post=1782"}],"version-history":[{"count":101,"href":"https:\/\/mmcholding.org\/fr\/wp-json\/wp\/v2\/pages\/1782\/revisions"}],"predecessor-version":[{"id":4044,"href":"https:\/\/mmcholding.org\/fr\/wp-json\/wp\/v2\/pages\/1782\/revisions\/4044"}],"wp:attachment":[{"href":"https:\/\/mmcholding.org\/fr\/wp-json\/wp\/v2\/media?parent=1782"}],"curies":[{"name":"wp","href":"https:\/\/api.w.org\/{rel}","templated":true}]}}