{"id":1587,"date":"2021-02-25T00:38:34","date_gmt":"2021-02-25T00:38:34","guid":{"rendered":"https:\/\/mmcholding.net\/fr\/wp_new\/?page_id=1587"},"modified":"2021-06-22T10:41:11","modified_gmt":"2021-06-22T10:41:11","slug":"solutions-et-produits","status":"publish","type":"page","link":"https:\/\/mmcholding.org\/fr\/solutions-et-produits\/","title":{"rendered":"SOLUTIONS Et  PRODUITS"},"content":{"rendered":"\t\t<div data-elementor-type=\"wp-page\" data-elementor-id=\"1587\" class=\"elementor elementor-1587\">\n\t\t\t\t\t\t<section class=\"elementor-section elementor-top-section elementor-element elementor-element-24dd65e1 elementor-section-full_width elementor-section-height-min-height elementor-section-content-top elementor-section-height-default elementor-section-items-middle\" data-id=\"24dd65e1\" data-element_type=\"section\" data-settings=\"{&quot;background_background&quot;:&quot;classic&quot;}\">\n\t\t\t\t\t\t\t<div class=\"elementor-background-overlay\"><\/div>\n\t\t\t\t\t\t\t<div class=\"elementor-container elementor-column-gap-default\">\n\t\t\t\t\t<div class=\"elementor-column elementor-col-100 elementor-top-column elementor-element elementor-element-18f8573d\" data-id=\"18f8573d\" data-element_type=\"column\">\n\t\t\t<div class=\"elementor-widget-wrap\">\n\t\t\t\t\t\t\t<\/div>\n\t\t<\/div>\n\t\t\t\t\t<\/div>\n\t\t<\/section>\n\t\t\t\t<section class=\"elementor-section elementor-top-section elementor-element elementor-element-36c3260 elementor-section-boxed elementor-section-height-default elementor-section-height-default\" data-id=\"36c3260\" data-element_type=\"section\">\n\t\t\t\t\t\t<div class=\"elementor-container elementor-column-gap-default\">\n\t\t\t\t\t<div class=\"elementor-column elementor-col-50 elementor-top-column elementor-element elementor-element-33a3a993\" data-id=\"33a3a993\" data-element_type=\"column\">\n\t\t\t<div class=\"elementor-widget-wrap elementor-element-populated\">\n\t\t\t\t\t\t<div class=\"elementor-element elementor-element-e688561 elementor-widget elementor-widget-global elementor-global-2393 elementor-widget-shortcode\" data-id=\"e688561\" data-element_type=\"widget\" data-widget_type=\"shortcode.default\">\n\t\t\t\t<div class=\"elementor-widget-container\">\n\t\t\t\t\t<div class=\"elementor-shortcode\"><div id=\"bellows-main-20\" class=\"bellows bellows-nojs bellows-main bellows-source-menu bellows-align-full bellows-skin-vanilla bellows-type- bellows-expand-current\"><ul id=\"menu-solutions-menu\" class=\"bellows-nav\" data-bellows-config=\"main\"><li id=\"menu-item-741\" class=\"bellows-menu-item bellows-menu-item-type-custom bellows-menu-item-object-custom bellows-menu-item-has-children bellows-menu-item-741 bellows-item-level-0\"><span  class=\"bellows-target\"><span class=\"bellows-target-title bellows-target-text\">Acier<\/span><button class=\"bellows-subtoggle\" aria-label=\"Toggle Submenu\"><i class=\"bellows-subtoggle-icon-expand fa fa-chevron-down\"><\/i><i class=\"bellows-subtoggle-icon-collapse fa fa-chevron-up\"><\/i><\/button><\/span>\n<ul class=\"bellows-submenu\">\n\t<li id=\"menu-item-1141\" class=\"bellows-menu-item bellows-menu-item-type-custom bellows-menu-item-object-custom bellows-menu-item-1141 bellows-item-level-1\"><a  href=\"https:\/\/mmcholding.org\/fr\/controle-de-la-temperature\/\" class=\"bellows-target\"><span class=\"bellows-target-title bellows-target-text\">Contr\u00f4le de la temp\u00e9rature<\/span><\/a><\/li>\n\t<li id=\"menu-item-743\" class=\"bellows-menu-item bellows-menu-item-type-custom bellows-menu-item-object-custom bellows-menu-item-743 bellows-item-level-1\"><a  href=\"https:\/\/mmcholding.org\/fr\/controle-de-lactivite-de-loxygene\/\" class=\"bellows-target\"><span class=\"bellows-target-title bellows-target-text\">Contr\u00f4le de l\u2019activit\u00e9 de l\u2019oxyg\u00e8ne<\/span><\/a><\/li>\n\t<li id=\"menu-item-744\" class=\"bellows-menu-item bellows-menu-item-type-custom bellows-menu-item-object-custom bellows-menu-item-744 bellows-item-level-1\"><a  href=\"https:\/\/mmcholding.org\/fr\/capteur-de-laitier\/\" class=\"bellows-target\"><span class=\"bellows-target-title bellows-target-text\">Capteur de laitier<\/span><\/a><\/li>\n\t<li id=\"menu-item-806\" class=\"bellows-menu-item bellows-menu-item-type-custom bellows-menu-item-object-custom bellows-menu-item-806 bellows-item-level-1\"><a  href=\"https:\/\/mmcholding.org\/fr\/controle-du-carbone\/\" class=\"bellows-target\"><span class=\"bellows-target-title bellows-target-text\">Contr\u00f4le du carbone<\/span><\/a><\/li>\n\t<li id=\"menu-item-807\" class=\"bellows-menu-item bellows-menu-item-type-custom bellows-menu-item-object-custom bellows-menu-item-807 bellows-item-level-1\"><a  href=\"https:\/\/mmcholding.org\/fr\/controle-de-lhydrogene\/\" class=\"bellows-target\"><span class=\"bellows-target-title bellows-target-text\">Contr\u00f4le de l\u2019hydrog\u00e8ne<\/span><\/a><\/li>\n\t<li id=\"menu-item-808\" class=\"bellows-menu-item bellows-menu-item-type-custom bellows-menu-item-object-custom bellows-menu-item-808 bellows-item-level-1\"><a  href=\"https:\/\/mmcholding.org\/fr\/sous-lancements-et-capteurs-de-chute\/\" class=\"bellows-target\"><span class=\"bellows-target-title bellows-target-text\">Sous-lancements et capteurs de chute<\/span><\/a><\/li>\n\t<li id=\"menu-item-809\" class=\"bellows-menu-item bellows-menu-item-type-custom bellows-menu-item-object-custom bellows-menu-item-809 bellows-item-level-1\"><a  href=\"https:\/\/mmcholding.org\/fr\/capteurs-combines\/\" class=\"bellows-target\"><span class=\"bellows-target-title bellows-target-text\">Capteurs combin\u00e9s<\/span><\/a><\/li>\n\t<li id=\"menu-item-810\" class=\"bellows-menu-item bellows-menu-item-type-custom bellows-menu-item-object-custom bellows-menu-item-810 bellows-item-level-1\"><a  href=\"https:\/\/mmcholding.org\/fr\/echantillonnage\/\" class=\"bellows-target\"><span class=\"bellows-target-title bellows-target-text\">\u00c9chantillonnage<\/span><\/a><\/li>\n<\/ul>\n<\/li>\n<li id=\"menu-item-745\" class=\"bellows-menu-item bellows-menu-item-type-custom bellows-menu-item-object-custom bellows-menu-item-has-children bellows-menu-item-745 bellows-item-level-0\"><span  class=\"bellows-target\"><span class=\"bellows-target-title bellows-target-text\">Aluminium<\/span><button class=\"bellows-subtoggle\" aria-label=\"Toggle Submenu\"><i class=\"bellows-subtoggle-icon-expand fa fa-chevron-down\"><\/i><i class=\"bellows-subtoggle-icon-collapse fa fa-chevron-up\"><\/i><\/button><\/span>\n<ul class=\"bellows-submenu\">\n\t<li id=\"menu-item-746\" class=\"bellows-menu-item bellows-menu-item-type-custom bellows-menu-item-object-custom bellows-menu-item-746 bellows-item-level-1\"><a  href=\"https:\/\/mmcholding.org\/fr\/mesure-de-la-temperature-du-bain-et-analyse-chimique\/\" class=\"bellows-target\"><span class=\"bellows-target-title bellows-target-text\">Mesure de la temp\u00e9rature du bain et analyse chimique<\/span><\/a><\/li>\n\t<li id=\"menu-item-811\" class=\"bellows-menu-item bellows-menu-item-type-custom bellows-menu-item-object-custom bellows-menu-item-811 bellows-item-level-1\"><a  href=\"https:\/\/mmcholding.org\/fr\/controle-de-la-chute-de-tension-de-la-cathode\/\" class=\"bellows-target\"><span class=\"bellows-target-title bellows-target-text\">Contr\u00f4le de la chute de tension de la cathode<\/span><\/a><\/li>\n\t<li id=\"menu-item-812\" class=\"bellows-menu-item bellows-menu-item-type-custom bellows-menu-item-object-custom bellows-menu-item-812 bellows-item-level-1\"><a  href=\"https:\/\/mmcholding.org\/fr\/controle-de-la-temperature-2\/\" class=\"bellows-target\"><span class=\"bellows-target-title bellows-target-text\">Contr\u00f4le de la temp\u00e9rature<\/span><\/a><\/li>\n<\/ul>\n<\/li>\n<li id=\"menu-item-747\" class=\"bellows-menu-item bellows-menu-item-type-custom bellows-menu-item-object-custom bellows-menu-item-has-children bellows-menu-item-747 bellows-item-level-0\"><span  class=\"bellows-target\"><span class=\"bellows-target-title bellows-target-text\">Cuivre<\/span><button class=\"bellows-subtoggle\" aria-label=\"Toggle Submenu\"><i class=\"bellows-subtoggle-icon-expand fa fa-chevron-down\"><\/i><i class=\"bellows-subtoggle-icon-collapse fa fa-chevron-up\"><\/i><\/button><\/span>\n<ul class=\"bellows-submenu\">\n\t<li id=\"menu-item-813\" class=\"bellows-menu-item bellows-menu-item-type-custom bellows-menu-item-object-custom bellows-menu-item-813 bellows-item-level-1\"><a  href=\"https:\/\/mmcholding.org\/fr\/controle-de-la-temperature-3\/\" class=\"bellows-target\"><span class=\"bellows-target-title bellows-target-text\">Contr\u00f4le de la temp\u00e9rature<\/span><\/a><\/li>\n\t<li id=\"menu-item-814\" class=\"bellows-menu-item bellows-menu-item-type-custom bellows-menu-item-object-custom bellows-menu-item-814 bellows-item-level-1\"><a  href=\"https:\/\/mmcholding.org\/fr\/controle-de-lactivite-de-loxygene-dans-le-cuivre\/\" class=\"bellows-target\"><span class=\"bellows-target-title bellows-target-text\">Contr\u00f4le de l&#8217;activit\u00e9 de l&#8217;oxyg\u00e8ne dans le cuivre<\/span><\/a><\/li>\n\t<li id=\"menu-item-815\" class=\"bellows-menu-item bellows-menu-item-type-custom bellows-menu-item-object-custom bellows-menu-item-815 bellows-item-level-1\"><a  href=\"https:\/\/mmcholding.org\/fr\/echantillonnage-2\/\" class=\"bellows-target\"><span class=\"bellows-target-title bellows-target-text\">\u00c9chantillonnage<\/span><\/a><\/li>\n<\/ul>\n<\/li>\n<li id=\"menu-item-816\" class=\"bellows-menu-item bellows-menu-item-type-custom bellows-menu-item-object-custom bellows-menu-item-has-children bellows-menu-item-816 bellows-item-level-0\"><span  class=\"bellows-target\"><span class=\"bellows-target-title bellows-target-text\">Desoxydants M\u00e9talliques<\/span><button class=\"bellows-subtoggle\" aria-label=\"Toggle Submenu\"><i class=\"bellows-subtoggle-icon-expand fa fa-chevron-down\"><\/i><i class=\"bellows-subtoggle-icon-collapse fa fa-chevron-up\"><\/i><\/button><\/span>\n<ul class=\"bellows-submenu\">\n\t<li id=\"menu-item-1438\" class=\"bellows-menu-item bellows-menu-item-type-custom bellows-menu-item-object-custom bellows-menu-item-1438 bellows-item-level-1\"><a  href=\"https:\/\/mmcholding.org\/fr\/ferro-silicium-fesi75-faible-al\/\" class=\"bellows-target\"><span class=\"bellows-target-title bellows-target-text\">Ferrosilicium<\/span><\/a><\/li>\n\t<li id=\"menu-item-1439\" class=\"bellows-menu-item bellows-menu-item-type-custom bellows-menu-item-object-custom bellows-menu-item-1439 bellows-item-level-1\"><a  href=\"https:\/\/mmcholding.org\/fr\/ferro-silicium-fesi72-fesi75\/\" class=\"bellows-target\"><span class=\"bellows-target-title bellows-target-text\">Ferromangan\u00e8se<\/span><\/a><\/li>\n\t<li id=\"menu-item-1440\" class=\"bellows-menu-item bellows-menu-item-type-custom bellows-menu-item-object-custom bellows-menu-item-1440 bellows-item-level-1\"><a  href=\"https:\/\/mmcholding.org\/fr\/calcium-ferro-silicium-ca30si55\/\" class=\"bellows-target\"><span class=\"bellows-target-title bellows-target-text\">Silico-mangan\u00e8se<\/span><\/a><\/li>\n\t<li id=\"menu-item-1441\" class=\"bellows-menu-item bellows-menu-item-type-custom bellows-menu-item-object-custom bellows-menu-item-1441 bellows-item-level-1\"><a  href=\"https:\/\/mmcholding.org\/fr\/calcium-ferro-silicium-ca30si60\/\" class=\"bellows-target\"><span class=\"bellows-target-title bellows-target-text\">Siliciure de calcium<\/span><\/a><\/li>\n\t<li id=\"menu-item-1442\" class=\"bellows-menu-item bellows-menu-item-type-custom bellows-menu-item-object-custom bellows-menu-item-1442 bellows-item-level-1\"><a  href=\"https:\/\/mmcholding.org\/fr\/ferro-chrome-fecr-lc\/\" class=\"bellows-target\"><span class=\"bellows-target-title bellows-target-text\">Carbure de silicium<\/span><\/a><\/li>\n\t<li id=\"menu-item-1443\" class=\"bellows-menu-item bellows-menu-item-type-custom bellows-menu-item-object-custom bellows-menu-item-1443 bellows-item-level-1\"><a  href=\"https:\/\/mmcholding.org\/fr\/ferro-silicium-barium-inoculant-fesiba-1\/\" class=\"bellows-target\"><span class=\"bellows-target-title bellows-target-text\">Carbure de calcium<\/span><\/a><\/li>\n<\/ul>\n<\/li>\n<li id=\"menu-item-817\" class=\"bellows-menu-item bellows-menu-item-type-custom bellows-menu-item-object-custom bellows-menu-item-has-children bellows-menu-item-817 bellows-item-level-0\"><span  class=\"bellows-target\"><span class=\"bellows-target-title bellows-target-text\">Produits r\u00e9fractaires<\/span><button class=\"bellows-subtoggle\" aria-label=\"Toggle Submenu\"><i class=\"bellows-subtoggle-icon-expand fa fa-chevron-down\"><\/i><i class=\"bellows-subtoggle-icon-collapse fa fa-chevron-up\"><\/i><\/button><\/span>\n<ul class=\"bellows-submenu\">\n\t<li id=\"menu-item-1446\" class=\"bellows-menu-item bellows-menu-item-type-custom bellows-menu-item-object-custom bellows-menu-item-1446 bellows-item-level-1\"><a  href=\"https:\/\/mmcholding.org\/fr\/ligne-de-produits-de-controle-de-processus-de-casting\/\" class=\"bellows-target\"><span class=\"bellows-target-title bellows-target-text\">LIGNE DE PRODUITS DE CONTR\u00d4LE DE PROCESSUS DE CASTING<\/span><\/a><\/li>\n\t<li id=\"menu-item-1447\" class=\"bellows-menu-item bellows-menu-item-type-custom bellows-menu-item-object-custom bellows-menu-item-1447 bellows-item-level-1\"><a  href=\"https:\/\/mmcholding.org\/fr\/produits-iso\/\" class=\"bellows-target\"><span class=\"bellows-target-title bellows-target-text\">PRODUITS ISO<\/span><\/a><\/li>\n\t<li id=\"menu-item-1448\" class=\"bellows-menu-item bellows-menu-item-type-custom bellows-menu-item-object-custom bellows-menu-item-1448 bellows-item-level-1\"><a  href=\"https:\/\/mmcholding.org\/fr\/produits-slide-gate\/\" class=\"bellows-target\"><span class=\"bellows-target-title bellows-target-text\">PRODUITS SLIDE GATE<\/span><\/a><\/li>\n\t<li id=\"menu-item-1449\" class=\"bellows-menu-item bellows-menu-item-type-custom bellows-menu-item-object-custom bellows-menu-item-1449 bellows-item-level-1\"><a  href=\"https:\/\/mmcholding.org\/fr\/produits-castable\/\" class=\"bellows-target\"><span class=\"bellows-target-title bellows-target-text\">PRODUITS CASTABLE<\/span><\/a><\/li>\n\t<li id=\"menu-item-1450\" class=\"bellows-menu-item bellows-menu-item-type-custom bellows-menu-item-object-custom bellows-menu-item-1450 bellows-item-level-1\"><a  href=\"https:\/\/mmcholding.org\/fr\/plaques-de-qualite-pour-portes-coulissantes\/\" class=\"bellows-target\"><span class=\"bellows-target-title bellows-target-text\">PLAQUES DE QUALIT\u00c9 POUR PORTES COULISSANTES<\/span><\/a><\/li>\n\t<li id=\"menu-item-1451\" class=\"bellows-menu-item bellows-menu-item-type-custom bellows-menu-item-object-custom bellows-menu-item-1451 bellows-item-level-1\"><a  href=\"https:\/\/mmcholding.org\/fr\/palais-de-qualite-tundish-slide-gate\/\" class=\"bellows-target\"><span class=\"bellows-target-title bellows-target-text\">PALAIS DE QUALIT\u00c9 TUNDISH SLIDE-GATE<\/span><\/a><\/li>\n<\/ul>\n<\/li>\n<\/ul><\/div><\/div>\n\t\t\t\t<\/div>\n\t\t\t\t<\/div>\n\t\t\t\t\t<\/div>\n\t\t<\/div>\n\t\t\t\t<div class=\"elementor-column elementor-col-50 elementor-top-column elementor-element elementor-element-6d855a22\" data-id=\"6d855a22\" data-element_type=\"column\">\n\t\t\t<div class=\"elementor-widget-wrap elementor-element-populated\">\n\t\t\t\t\t\t<div class=\"elementor-element elementor-element-798abb35 elementor-widget elementor-widget-text-editor\" data-id=\"798abb35\" data-element_type=\"widget\" data-widget_type=\"text-editor.default\">\n\t\t\t\t<div class=\"elementor-widget-container\">\n\t\t\t\t\t\t\t<p>\u00a0<\/p><p><span style=\"color: #000000;\">MMC est le distributeur autoris\u00e9 d&#8217;Heraeus Electro-Nite en Afrique.<\/span><br \/><span style=\"color: #000000;\">Heraeus Electro-Nite &#8211; notre partenaire dans la mesure, la surveillance et le contr\u00f4le des processus de m\u00e9taux en fusion.<\/span><br \/><span style=\"color: #000000;\">MMC a \u00e9t\u00e9 \u00e0 la pointe du d\u00e9veloppement de capteurs, \u00e9largissant et am\u00e9liorant constamment la gamme de mesures disponibles, ce qui se traduit par les sondes jetables et non jetables sophistiqu\u00e9es, fiables et faciles \u00e0 utiliser d&#8217;aujourd&#8217;hui et les instruments associ\u00e9s.<\/span><\/p>\t\t\t\t\t\t<\/div>\n\t\t\t\t<\/div>\n\t\t\t\t\t<\/div>\n\t\t<\/div>\n\t\t\t\t\t<\/div>\n\t\t<\/section>\n\t\t\t\t<\/div>\n\t\t","protected":false},"excerpt":{"rendered":"<p>\u00a0 MMC est le distributeur autoris\u00e9 d&#8217;Heraeus Electro-Nite en Afrique.Heraeus Electro-Nite &#8211; notre partenaire dans la mesure, la surveillance et le contr\u00f4le des processus de m\u00e9taux en fusion.MMC a \u00e9t\u00e9 \u00e0 la pointe du d\u00e9veloppement de capteurs, \u00e9largissant et am\u00e9liorant constamment la gamme de mesures disponibles, ce qui se traduit par les sondes jetables et [&hellip;]<\/p>\n","protected":false},"author":4,"featured_media":0,"parent":0,"menu_order":0,"comment_status":"closed","ping_status":"closed","template":"elementor_header_footer","meta":{"footnotes":""},"class_list":["post-1587","page","type-page","status-publish","hentry"],"_links":{"self":[{"href":"https:\/\/mmcholding.org\/fr\/wp-json\/wp\/v2\/pages\/1587","targetHints":{"allow":["GET"]}}],"collection":[{"href":"https:\/\/mmcholding.org\/fr\/wp-json\/wp\/v2\/pages"}],"about":[{"href":"https:\/\/mmcholding.org\/fr\/wp-json\/wp\/v2\/types\/page"}],"author":[{"embeddable":true,"href":"https:\/\/mmcholding.org\/fr\/wp-json\/wp\/v2\/users\/4"}],"replies":[{"embeddable":true,"href":"https:\/\/mmcholding.org\/fr\/wp-json\/wp\/v2\/comments?post=1587"}],"version-history":[{"count":83,"href":"https:\/\/mmcholding.org\/fr\/wp-json\/wp\/v2\/pages\/1587\/revisions"}],"predecessor-version":[{"id":4114,"href":"https:\/\/mmcholding.org\/fr\/wp-json\/wp\/v2\/pages\/1587\/revisions\/4114"}],"wp:attachment":[{"href":"https:\/\/mmcholding.org\/fr\/wp-json\/wp\/v2\/media?parent=1587"}],"curies":[{"name":"wp","href":"https:\/\/api.w.org\/{rel}","templated":true}]}}