{"id":1291,"date":"2021-02-24T01:26:17","date_gmt":"2021-02-24T01:26:17","guid":{"rendered":"https:\/\/mmcholding.net\/fr\/wp_new\/?page_id=1291"},"modified":"2021-06-15T09:50:24","modified_gmt":"2021-06-15T09:50:24","slug":"a-propos-de-nous","status":"publish","type":"page","link":"https:\/\/mmcholding.org\/fr\/a-propos-de-nous\/","title":{"rendered":"\u00c0 propos de nous"},"content":{"rendered":"\t\t<div data-elementor-type=\"wp-page\" data-elementor-id=\"1291\" class=\"elementor elementor-1291\">\n\t\t\t\t\t\t<section class=\"elementor-section elementor-top-section elementor-element elementor-element-62c88378 elementor-section-full_width elementor-section-height-min-height elementor-section-content-top elementor-section-height-default elementor-section-items-middle\" data-id=\"62c88378\" data-element_type=\"section\" data-settings=\"{&quot;background_background&quot;:&quot;classic&quot;}\">\n\t\t\t\t\t\t\t<div class=\"elementor-background-overlay\"><\/div>\n\t\t\t\t\t\t\t<div class=\"elementor-container elementor-column-gap-default\">\n\t\t\t\t\t<div class=\"elementor-column elementor-col-100 elementor-top-column elementor-element elementor-element-5f4cf895\" data-id=\"5f4cf895\" data-element_type=\"column\">\n\t\t\t<div class=\"elementor-widget-wrap\">\n\t\t\t\t\t\t\t<\/div>\n\t\t<\/div>\n\t\t\t\t\t<\/div>\n\t\t<\/section>\n\t\t\t\t<section class=\"elementor-section elementor-top-section elementor-element elementor-element-35f93d63 elementor-section-boxed elementor-section-height-default elementor-section-height-default\" data-id=\"35f93d63\" data-element_type=\"section\">\n\t\t\t\t\t\t<div class=\"elementor-container elementor-column-gap-default\">\n\t\t\t\t\t<div class=\"elementor-column elementor-col-50 elementor-top-column elementor-element elementor-element-2e59ca24\" data-id=\"2e59ca24\" data-element_type=\"column\">\n\t\t\t<div class=\"elementor-widget-wrap elementor-element-populated\">\n\t\t\t\t\t\t<div class=\"elementor-element elementor-element-9cddba3 elementor-widget elementor-widget-global elementor-global-2007 elementor-widget-shortcode\" data-id=\"9cddba3\" data-element_type=\"widget\" data-widget_type=\"shortcode.default\">\n\t\t\t\t<div class=\"elementor-widget-container\">\n\t\t\t\t\t<div class=\"elementor-shortcode\"><nav id=\"bellows-a7mos-25\" class=\"bellows bellows-nojs bellows-a7mos bellows-source-menu bellows-align-full bellows-skin-vanilla bellows-type- bellows-expand-current\"><ul id=\"menu-who-we-are\" class=\"bellows-nav\" data-bellows-config=\"a7mos\"><li id=\"menu-item-1295\" class=\"bellows-menu-item bellows-menu-item-type-custom bellows-menu-item-object-custom bellows-menu-item-1295 bellows-item-level-0\"><a  href=\"https:\/\/mmcholding.org\/fr\/a-propos-de-nous\/\" class=\"bellows-target\"><span class=\"bellows-target-title bellows-target-text\">\u00c0 PROPOS DE MMC<\/span><\/a><\/li>\n<li id=\"menu-item-1296\" class=\"bellows-menu-item bellows-menu-item-type-custom bellows-menu-item-object-custom bellows-menu-item-1296 bellows-item-level-0\"><a  href=\"https:\/\/mmcholding.org\/fr\/nos-clients\/\" class=\"bellows-target\"><span class=\"bellows-target-title bellows-target-text\">NOS CLIENTS<\/span><\/a><\/li>\n<li id=\"menu-item-3440\" class=\"bellows-menu-item bellows-menu-item-type-custom bellows-menu-item-object-custom bellows-menu-item-3440 bellows-item-level-0\"><a  href=\"https:\/\/mmcholding.org\/fr\/recompenses\/\" class=\"bellows-target\"><span class=\"bellows-target-title bellows-target-text\">ACCR\u00c9DITATIONS<\/span><\/a><\/li>\n<\/ul><\/nav><\/div>\n\t\t\t\t<\/div>\n\t\t\t\t<\/div>\n\t\t\t\t\t<\/div>\n\t\t<\/div>\n\t\t\t\t<div class=\"elementor-column elementor-col-50 elementor-top-column elementor-element elementor-element-361a224a\" data-id=\"361a224a\" data-element_type=\"column\">\n\t\t\t<div class=\"elementor-widget-wrap elementor-element-populated\">\n\t\t\t\t\t\t<div class=\"elementor-element elementor-element-7cdc7ce5 elementor-widget elementor-widget-text-editor\" data-id=\"7cdc7ce5\" data-element_type=\"widget\" data-widget_type=\"text-editor.default\">\n\t\t\t\t<div class=\"elementor-widget-container\">\n\t\t\t\t\t\t\t<h4><span style=\"color: #000000;\"><b>Vision<\/b><\/span><\/h4><p><span style=\"color: #000000;\">\u00catre l\u2019entreprise leader dans la fabrication et la fourniture d\u2019intrants pour l\u2019industrie m\u00e9tallurgique, ainsi que des appareils de mesure et de contr\u00f4le pour divers processus de fabrication en \u00c9gypte et au Moyen-Orient.<\/span><\/p><h4><span style=\"color: #000000;\"><b>Mission<\/b><\/span><\/h4><ul><li style=\"font-weight: 400;\" aria-level=\"1\"><span style=\"color: #000000;\">D\u00e9velopper des solutions innovantes et de qualit\u00e9 qui permettent \u00e0 nos clients d&#8217;am\u00e9liorer les performances de leur processus de fabrication<\/span><\/li><li style=\"font-weight: 400;\" aria-level=\"1\"><span style=\"color: #000000;\">Offrir un lieu de travail s\u00fbr \u00e0 chaque employ\u00e9,fournir une formation appropri\u00e9e et des r\u00e9compenses qui maximisent les performances<\/span><\/li><li style=\"font-weight: 400;\" aria-level=\"1\"><span style=\"color: #000000;\">Offrir \u00e0 nos actionnaires des rentabilit\u00e9s des investissements qui permet \u00e0 l\u2019entreprise de grandir et de prosp\u00e9rer.<\/span><\/li><\/ul><h4><span style=\"color: #000000;\"><strong>Valeurs fondamentales<\/strong><\/span><\/h4><h5><span style=\"color: #ff9900;\"><strong>La cr\u00e9ativit\u00e9\u00a0<\/strong><\/span><\/h5><ul><li style=\"font-weight: 400;\" aria-level=\"1\"><span style=\"color: #000000;\">Notre engagement pour le d\u00e9veloppement et la qualit\u00e9 est la base de notre avantage concurrentiel<\/span><\/li><li style=\"font-weight: 400;\" aria-level=\"1\"><span style=\"color: #000000;\"><span style=\"font-weight: 400;\">D\u00e9velopper des solutions innovantes pour g\u00e9n\u00e9rer de la valeur ajout\u00e9e par l&#8217;am\u00e9lioration des performances et le d\u00e9veloppement continu\u00e9<\/span><\/span><\/li><\/ul><h5><span style=\"color: #ff9900;\"><strong>La coop\u00e9ration\u00a0<\/strong><\/span><\/h5><ul><li style=\"font-weight: 400;\" aria-level=\"1\"><span style=\"color: #000000;\">Chaque employ\u00e9 de Misr Measurement and Control s&#8217;engage pour le succ\u00e8s de ses coll\u00e8gues et de ses clients<\/span><\/li><li style=\"font-weight: 400;\" aria-level=\"1\"><span style=\"color: #000000;\"><span style=\"font-weight: 400;\">Encourager la coop\u00e9ration interne et externe d&#8217;une mani\u00e8re qui nous aide \u00e0 cr\u00e9er des solutions uniques avec nos partenaires<\/span><\/span><\/li><\/ul><h5><span style=\"color: #ff9900;\"><strong>Centricit\u00e9 <span style=\"color: #ff9900;\">client\u00a0<\/span><\/strong><\/span><\/h5><ul><li style=\"font-weight: 400;\" aria-level=\"1\"><span style=\"color: #000000;\">Nos produits sont impliqu\u00e9s dans des aspects importants des processus de fabrication de nos clients<\/span><\/li><li style=\"font-weight: 400;\" aria-level=\"1\"><span style=\"color: #000000;\">Notre engagement principal est de fournir des produits et services de haute qualit\u00e9 d&#8217;une mani\u00e8re qui donne au client le niveau de confiance dont il a besoin.<\/span><\/li><\/ul><h5><span style=\"color: #ff9900;\"><strong>Int\u00e9grit\u00e9<\/strong><\/span><\/h5><ul><li style=\"font-weight: 400;\" aria-level=\"1\"><span style=\"color: #000000;\">Au c\u0153ur de notre promesse se trouve la cr\u00e9dibilit\u00e9 de tous les employ\u00e9s dans leurs actions et leurs paroles.<\/span><\/li><li style=\"font-weight: 400;\" aria-level=\"1\"><span style=\"color: #000000;\">L&#8217;int\u00e9grit\u00e9, l&#8217;honn\u00eatet\u00e9 et la transparence sont essentielles dans toutes nos transactions.<\/span><\/li><\/ul>\t\t\t\t\t\t<\/div>\n\t\t\t\t<\/div>\n\t\t\t\t\t<\/div>\n\t\t<\/div>\n\t\t\t\t\t<\/div>\n\t\t<\/section>\n\t\t\t\t<\/div>\n\t\t","protected":false},"excerpt":{"rendered":"<p>Vision \u00catre l\u2019entreprise leader dans la fabrication et la fourniture d\u2019intrants pour l\u2019industrie m\u00e9tallurgique, ainsi que des appareils de mesure et de contr\u00f4le pour divers processus de fabrication en \u00c9gypte et au Moyen-Orient. Mission D\u00e9velopper des solutions innovantes et de qualit\u00e9 qui permettent \u00e0 nos clients d&#8217;am\u00e9liorer les performances de leur processus de fabrication Offrir [&hellip;]<\/p>\n","protected":false},"author":4,"featured_media":0,"parent":0,"menu_order":0,"comment_status":"closed","ping_status":"closed","template":"elementor_header_footer","meta":{"footnotes":""},"class_list":["post-1291","page","type-page","status-publish","hentry"],"_links":{"self":[{"href":"https:\/\/mmcholding.org\/fr\/wp-json\/wp\/v2\/pages\/1291","targetHints":{"allow":["GET"]}}],"collection":[{"href":"https:\/\/mmcholding.org\/fr\/wp-json\/wp\/v2\/pages"}],"about":[{"href":"https:\/\/mmcholding.org\/fr\/wp-json\/wp\/v2\/types\/page"}],"author":[{"embeddable":true,"href":"https:\/\/mmcholding.org\/fr\/wp-json\/wp\/v2\/users\/4"}],"replies":[{"embeddable":true,"href":"https:\/\/mmcholding.org\/fr\/wp-json\/wp\/v2\/comments?post=1291"}],"version-history":[{"count":77,"href":"https:\/\/mmcholding.org\/fr\/wp-json\/wp\/v2\/pages\/1291\/revisions"}],"predecessor-version":[{"id":4064,"href":"https:\/\/mmcholding.org\/fr\/wp-json\/wp\/v2\/pages\/1291\/revisions\/4064"}],"wp:attachment":[{"href":"https:\/\/mmcholding.org\/fr\/wp-json\/wp\/v2\/media?parent=1291"}],"curies":[{"name":"wp","href":"https:\/\/api.w.org\/{rel}","templated":true}]}}