{"id":1115,"date":"2021-02-23T20:23:26","date_gmt":"2021-02-23T20:23:26","guid":{"rendered":"https:\/\/mmcholding.net\/fr\/wp_new\/?page_id=1115"},"modified":"2021-04-11T20:21:35","modified_gmt":"2021-04-11T20:21:35","slug":"sous-lancements-et-capteurs-de-chute","status":"publish","type":"page","link":"https:\/\/mmcholding.org\/fr\/sous-lancements-et-capteurs-de-chute\/","title":{"rendered":"Sous-lancements et \u00abcapteurs de chute\u00bb"},"content":{"rendered":"\t\t<div data-elementor-type=\"wp-page\" data-elementor-id=\"1115\" class=\"elementor elementor-1115\">\n\t\t\t\t\t\t<section class=\"elementor-section elementor-top-section elementor-element elementor-element-37af6d39 elementor-section-full_width elementor-section-height-min-height elementor-section-content-top elementor-section-height-default elementor-section-items-middle\" data-id=\"37af6d39\" data-element_type=\"section\" data-settings=\"{&quot;background_background&quot;:&quot;classic&quot;}\">\n\t\t\t\t\t\t\t<div class=\"elementor-background-overlay\"><\/div>\n\t\t\t\t\t\t\t<div class=\"elementor-container elementor-column-gap-default\">\n\t\t\t\t\t<div class=\"elementor-column elementor-col-100 elementor-top-column elementor-element elementor-element-51573c1f\" data-id=\"51573c1f\" data-element_type=\"column\">\n\t\t\t<div class=\"elementor-widget-wrap\">\n\t\t\t\t\t\t\t<\/div>\n\t\t<\/div>\n\t\t\t\t\t<\/div>\n\t\t<\/section>\n\t\t\t\t<section class=\"elementor-section elementor-top-section elementor-element elementor-element-2fa80848 elementor-section-boxed elementor-section-height-default elementor-section-height-default\" data-id=\"2fa80848\" data-element_type=\"section\">\n\t\t\t\t\t\t<div class=\"elementor-container elementor-column-gap-default\">\n\t\t\t\t\t<div class=\"elementor-column elementor-col-50 elementor-top-column elementor-element elementor-element-7454a584\" data-id=\"7454a584\" data-element_type=\"column\">\n\t\t\t<div class=\"elementor-widget-wrap elementor-element-populated\">\n\t\t\t\t\t\t<div class=\"elementor-element elementor-element-9dc0d89 elementor-widget elementor-widget-global elementor-global-2393 elementor-widget-shortcode\" data-id=\"9dc0d89\" data-element_type=\"widget\" data-widget_type=\"shortcode.default\">\n\t\t\t\t<div class=\"elementor-widget-container\">\n\t\t\t\t\t<div class=\"elementor-shortcode\"><div id=\"bellows-main-20\" class=\"bellows bellows-nojs bellows-main bellows-source-menu bellows-align-full bellows-skin-vanilla bellows-type- bellows-expand-current\"><ul id=\"menu-solutions-menu\" class=\"bellows-nav\" data-bellows-config=\"main\"><li id=\"menu-item-741\" class=\"bellows-menu-item bellows-menu-item-type-custom bellows-menu-item-object-custom bellows-menu-item-has-children bellows-menu-item-741 bellows-item-level-0\"><span  class=\"bellows-target\"><span class=\"bellows-target-title bellows-target-text\">Acier<\/span><button class=\"bellows-subtoggle\" aria-label=\"Toggle Submenu\"><i class=\"bellows-subtoggle-icon-expand fa fa-chevron-down\"><\/i><i class=\"bellows-subtoggle-icon-collapse fa fa-chevron-up\"><\/i><\/button><\/span>\n<ul class=\"bellows-submenu\">\n\t<li id=\"menu-item-1141\" class=\"bellows-menu-item bellows-menu-item-type-custom bellows-menu-item-object-custom bellows-menu-item-1141 bellows-item-level-1\"><a  href=\"https:\/\/mmcholding.org\/fr\/controle-de-la-temperature\/\" class=\"bellows-target\"><span class=\"bellows-target-title bellows-target-text\">Contr\u00f4le de la temp\u00e9rature<\/span><\/a><\/li>\n\t<li id=\"menu-item-743\" class=\"bellows-menu-item bellows-menu-item-type-custom bellows-menu-item-object-custom bellows-menu-item-743 bellows-item-level-1\"><a  href=\"https:\/\/mmcholding.org\/fr\/controle-de-lactivite-de-loxygene\/\" class=\"bellows-target\"><span class=\"bellows-target-title bellows-target-text\">Contr\u00f4le de l\u2019activit\u00e9 de l\u2019oxyg\u00e8ne<\/span><\/a><\/li>\n\t<li id=\"menu-item-744\" class=\"bellows-menu-item bellows-menu-item-type-custom bellows-menu-item-object-custom bellows-menu-item-744 bellows-item-level-1\"><a  href=\"https:\/\/mmcholding.org\/fr\/capteur-de-laitier\/\" class=\"bellows-target\"><span class=\"bellows-target-title bellows-target-text\">Capteur de laitier<\/span><\/a><\/li>\n\t<li id=\"menu-item-806\" class=\"bellows-menu-item bellows-menu-item-type-custom bellows-menu-item-object-custom bellows-menu-item-806 bellows-item-level-1\"><a  href=\"https:\/\/mmcholding.org\/fr\/controle-du-carbone\/\" class=\"bellows-target\"><span class=\"bellows-target-title bellows-target-text\">Contr\u00f4le du carbone<\/span><\/a><\/li>\n\t<li id=\"menu-item-807\" class=\"bellows-menu-item bellows-menu-item-type-custom bellows-menu-item-object-custom bellows-menu-item-807 bellows-item-level-1\"><a  href=\"https:\/\/mmcholding.org\/fr\/controle-de-lhydrogene\/\" class=\"bellows-target\"><span class=\"bellows-target-title bellows-target-text\">Contr\u00f4le de l\u2019hydrog\u00e8ne<\/span><\/a><\/li>\n\t<li id=\"menu-item-808\" class=\"bellows-menu-item bellows-menu-item-type-custom bellows-menu-item-object-custom bellows-menu-item-808 bellows-item-level-1\"><a  href=\"https:\/\/mmcholding.org\/fr\/sous-lancements-et-capteurs-de-chute\/\" class=\"bellows-target\"><span class=\"bellows-target-title bellows-target-text\">Sous-lancements et capteurs de chute<\/span><\/a><\/li>\n\t<li id=\"menu-item-809\" class=\"bellows-menu-item bellows-menu-item-type-custom bellows-menu-item-object-custom bellows-menu-item-809 bellows-item-level-1\"><a  href=\"https:\/\/mmcholding.org\/fr\/capteurs-combines\/\" class=\"bellows-target\"><span class=\"bellows-target-title bellows-target-text\">Capteurs combin\u00e9s<\/span><\/a><\/li>\n\t<li id=\"menu-item-810\" class=\"bellows-menu-item bellows-menu-item-type-custom bellows-menu-item-object-custom bellows-menu-item-810 bellows-item-level-1\"><a  href=\"https:\/\/mmcholding.org\/fr\/echantillonnage\/\" class=\"bellows-target\"><span class=\"bellows-target-title bellows-target-text\">\u00c9chantillonnage<\/span><\/a><\/li>\n<\/ul>\n<\/li>\n<li id=\"menu-item-745\" class=\"bellows-menu-item bellows-menu-item-type-custom bellows-menu-item-object-custom bellows-menu-item-has-children bellows-menu-item-745 bellows-item-level-0\"><span  class=\"bellows-target\"><span class=\"bellows-target-title bellows-target-text\">Aluminium<\/span><button class=\"bellows-subtoggle\" aria-label=\"Toggle Submenu\"><i class=\"bellows-subtoggle-icon-expand fa fa-chevron-down\"><\/i><i class=\"bellows-subtoggle-icon-collapse fa fa-chevron-up\"><\/i><\/button><\/span>\n<ul class=\"bellows-submenu\">\n\t<li id=\"menu-item-746\" class=\"bellows-menu-item bellows-menu-item-type-custom bellows-menu-item-object-custom bellows-menu-item-746 bellows-item-level-1\"><a  href=\"https:\/\/mmcholding.org\/fr\/mesure-de-la-temperature-du-bain-et-analyse-chimique\/\" class=\"bellows-target\"><span class=\"bellows-target-title bellows-target-text\">Mesure de la temp\u00e9rature du bain et analyse chimique<\/span><\/a><\/li>\n\t<li id=\"menu-item-811\" class=\"bellows-menu-item bellows-menu-item-type-custom bellows-menu-item-object-custom bellows-menu-item-811 bellows-item-level-1\"><a  href=\"https:\/\/mmcholding.org\/fr\/controle-de-la-chute-de-tension-de-la-cathode\/\" class=\"bellows-target\"><span class=\"bellows-target-title bellows-target-text\">Contr\u00f4le de la chute de tension de la cathode<\/span><\/a><\/li>\n\t<li id=\"menu-item-812\" class=\"bellows-menu-item bellows-menu-item-type-custom bellows-menu-item-object-custom bellows-menu-item-812 bellows-item-level-1\"><a  href=\"https:\/\/mmcholding.org\/fr\/controle-de-la-temperature-2\/\" class=\"bellows-target\"><span class=\"bellows-target-title bellows-target-text\">Contr\u00f4le de la temp\u00e9rature<\/span><\/a><\/li>\n<\/ul>\n<\/li>\n<li id=\"menu-item-747\" class=\"bellows-menu-item bellows-menu-item-type-custom bellows-menu-item-object-custom bellows-menu-item-has-children bellows-menu-item-747 bellows-item-level-0\"><span  class=\"bellows-target\"><span class=\"bellows-target-title bellows-target-text\">Cuivre<\/span><button class=\"bellows-subtoggle\" aria-label=\"Toggle Submenu\"><i class=\"bellows-subtoggle-icon-expand fa fa-chevron-down\"><\/i><i class=\"bellows-subtoggle-icon-collapse fa fa-chevron-up\"><\/i><\/button><\/span>\n<ul class=\"bellows-submenu\">\n\t<li id=\"menu-item-813\" class=\"bellows-menu-item bellows-menu-item-type-custom bellows-menu-item-object-custom bellows-menu-item-813 bellows-item-level-1\"><a  href=\"https:\/\/mmcholding.org\/fr\/controle-de-la-temperature-3\/\" class=\"bellows-target\"><span class=\"bellows-target-title bellows-target-text\">Contr\u00f4le de la temp\u00e9rature<\/span><\/a><\/li>\n\t<li id=\"menu-item-814\" class=\"bellows-menu-item bellows-menu-item-type-custom bellows-menu-item-object-custom bellows-menu-item-814 bellows-item-level-1\"><a  href=\"https:\/\/mmcholding.org\/fr\/controle-de-lactivite-de-loxygene-dans-le-cuivre\/\" class=\"bellows-target\"><span class=\"bellows-target-title bellows-target-text\">Contr\u00f4le de l&#8217;activit\u00e9 de l&#8217;oxyg\u00e8ne dans le cuivre<\/span><\/a><\/li>\n\t<li id=\"menu-item-815\" class=\"bellows-menu-item bellows-menu-item-type-custom bellows-menu-item-object-custom bellows-menu-item-815 bellows-item-level-1\"><a  href=\"https:\/\/mmcholding.org\/fr\/echantillonnage-2\/\" class=\"bellows-target\"><span class=\"bellows-target-title bellows-target-text\">\u00c9chantillonnage<\/span><\/a><\/li>\n<\/ul>\n<\/li>\n<li id=\"menu-item-816\" class=\"bellows-menu-item bellows-menu-item-type-custom bellows-menu-item-object-custom bellows-menu-item-has-children bellows-menu-item-816 bellows-item-level-0\"><span  class=\"bellows-target\"><span class=\"bellows-target-title bellows-target-text\">Desoxydants M\u00e9talliques<\/span><button class=\"bellows-subtoggle\" aria-label=\"Toggle Submenu\"><i class=\"bellows-subtoggle-icon-expand fa fa-chevron-down\"><\/i><i class=\"bellows-subtoggle-icon-collapse fa fa-chevron-up\"><\/i><\/button><\/span>\n<ul class=\"bellows-submenu\">\n\t<li id=\"menu-item-1438\" class=\"bellows-menu-item bellows-menu-item-type-custom bellows-menu-item-object-custom bellows-menu-item-1438 bellows-item-level-1\"><a  href=\"https:\/\/mmcholding.org\/fr\/ferro-silicium-fesi75-faible-al\/\" class=\"bellows-target\"><span class=\"bellows-target-title bellows-target-text\">Ferrosilicium<\/span><\/a><\/li>\n\t<li id=\"menu-item-1439\" class=\"bellows-menu-item bellows-menu-item-type-custom bellows-menu-item-object-custom bellows-menu-item-1439 bellows-item-level-1\"><a  href=\"https:\/\/mmcholding.org\/fr\/ferro-silicium-fesi72-fesi75\/\" class=\"bellows-target\"><span class=\"bellows-target-title bellows-target-text\">Ferromangan\u00e8se<\/span><\/a><\/li>\n\t<li id=\"menu-item-1440\" class=\"bellows-menu-item bellows-menu-item-type-custom bellows-menu-item-object-custom bellows-menu-item-1440 bellows-item-level-1\"><a  href=\"https:\/\/mmcholding.org\/fr\/calcium-ferro-silicium-ca30si55\/\" class=\"bellows-target\"><span class=\"bellows-target-title bellows-target-text\">Silico-mangan\u00e8se<\/span><\/a><\/li>\n\t<li id=\"menu-item-1441\" class=\"bellows-menu-item bellows-menu-item-type-custom bellows-menu-item-object-custom bellows-menu-item-1441 bellows-item-level-1\"><a  href=\"https:\/\/mmcholding.org\/fr\/calcium-ferro-silicium-ca30si60\/\" class=\"bellows-target\"><span class=\"bellows-target-title bellows-target-text\">Siliciure de calcium<\/span><\/a><\/li>\n\t<li id=\"menu-item-1442\" class=\"bellows-menu-item bellows-menu-item-type-custom bellows-menu-item-object-custom bellows-menu-item-1442 bellows-item-level-1\"><a  href=\"https:\/\/mmcholding.org\/fr\/ferro-chrome-fecr-lc\/\" class=\"bellows-target\"><span class=\"bellows-target-title bellows-target-text\">Carbure de silicium<\/span><\/a><\/li>\n\t<li id=\"menu-item-1443\" class=\"bellows-menu-item bellows-menu-item-type-custom bellows-menu-item-object-custom bellows-menu-item-1443 bellows-item-level-1\"><a  href=\"https:\/\/mmcholding.org\/fr\/ferro-silicium-barium-inoculant-fesiba-1\/\" class=\"bellows-target\"><span class=\"bellows-target-title bellows-target-text\">Carbure de calcium<\/span><\/a><\/li>\n<\/ul>\n<\/li>\n<li id=\"menu-item-817\" class=\"bellows-menu-item bellows-menu-item-type-custom bellows-menu-item-object-custom bellows-menu-item-has-children bellows-menu-item-817 bellows-item-level-0\"><span  class=\"bellows-target\"><span class=\"bellows-target-title bellows-target-text\">Produits r\u00e9fractaires<\/span><button class=\"bellows-subtoggle\" aria-label=\"Toggle Submenu\"><i class=\"bellows-subtoggle-icon-expand fa fa-chevron-down\"><\/i><i class=\"bellows-subtoggle-icon-collapse fa fa-chevron-up\"><\/i><\/button><\/span>\n<ul class=\"bellows-submenu\">\n\t<li id=\"menu-item-1446\" class=\"bellows-menu-item bellows-menu-item-type-custom bellows-menu-item-object-custom bellows-menu-item-1446 bellows-item-level-1\"><a  href=\"https:\/\/mmcholding.org\/fr\/ligne-de-produits-de-controle-de-processus-de-casting\/\" class=\"bellows-target\"><span class=\"bellows-target-title bellows-target-text\">LIGNE DE PRODUITS DE CONTR\u00d4LE DE PROCESSUS DE CASTING<\/span><\/a><\/li>\n\t<li id=\"menu-item-1447\" class=\"bellows-menu-item bellows-menu-item-type-custom bellows-menu-item-object-custom bellows-menu-item-1447 bellows-item-level-1\"><a  href=\"https:\/\/mmcholding.org\/fr\/produits-iso\/\" class=\"bellows-target\"><span class=\"bellows-target-title bellows-target-text\">PRODUITS ISO<\/span><\/a><\/li>\n\t<li id=\"menu-item-1448\" class=\"bellows-menu-item bellows-menu-item-type-custom bellows-menu-item-object-custom bellows-menu-item-1448 bellows-item-level-1\"><a  href=\"https:\/\/mmcholding.org\/fr\/produits-slide-gate\/\" class=\"bellows-target\"><span class=\"bellows-target-title bellows-target-text\">PRODUITS SLIDE GATE<\/span><\/a><\/li>\n\t<li id=\"menu-item-1449\" class=\"bellows-menu-item bellows-menu-item-type-custom bellows-menu-item-object-custom bellows-menu-item-1449 bellows-item-level-1\"><a  href=\"https:\/\/mmcholding.org\/fr\/produits-castable\/\" class=\"bellows-target\"><span class=\"bellows-target-title bellows-target-text\">PRODUITS CASTABLE<\/span><\/a><\/li>\n\t<li id=\"menu-item-1450\" class=\"bellows-menu-item bellows-menu-item-type-custom bellows-menu-item-object-custom bellows-menu-item-1450 bellows-item-level-1\"><a  href=\"https:\/\/mmcholding.org\/fr\/plaques-de-qualite-pour-portes-coulissantes\/\" class=\"bellows-target\"><span class=\"bellows-target-title bellows-target-text\">PLAQUES DE QUALIT\u00c9 POUR PORTES COULISSANTES<\/span><\/a><\/li>\n\t<li id=\"menu-item-1451\" class=\"bellows-menu-item bellows-menu-item-type-custom bellows-menu-item-object-custom bellows-menu-item-1451 bellows-item-level-1\"><a  href=\"https:\/\/mmcholding.org\/fr\/palais-de-qualite-tundish-slide-gate\/\" class=\"bellows-target\"><span class=\"bellows-target-title bellows-target-text\">PALAIS DE QUALIT\u00c9 TUNDISH SLIDE-GATE<\/span><\/a><\/li>\n<\/ul>\n<\/li>\n<\/ul><\/div><\/div>\n\t\t\t\t<\/div>\n\t\t\t\t<\/div>\n\t\t\t\t\t<\/div>\n\t\t<\/div>\n\t\t\t\t<div class=\"elementor-column elementor-col-50 elementor-top-column elementor-element elementor-element-237cdf8a\" data-id=\"237cdf8a\" data-element_type=\"column\">\n\t\t\t<div class=\"elementor-widget-wrap elementor-element-populated\">\n\t\t\t\t\t\t<div class=\"elementor-element elementor-element-172327bf elementor-widget elementor-widget-text-editor\" data-id=\"172327bf\" data-element_type=\"widget\" data-widget_type=\"text-editor.default\">\n\t\t\t\t<div class=\"elementor-widget-container\">\n\t\t\t\t\t\t\t<h3><span style=\"color: #000000;\">Acier<\/span><\/h3><p><span style=\"color: #000000;\">MMC\u00a0 propose une large gamme de sondes de mesure, d\u2019\u00e9chantillonneurs et d\u2019instruments pour les applications en acier liquide.<\/span><\/p><h4><span style=\"color: #ee342f;\">Sous-lancements et \u00abcapteurs de chute\u00bb<\/span><\/h4><h5><span style=\"color: #ff9900;\">Capteurs de chute<\/span><\/h5><p><span style=\"color: #000000;\">En option, et lorsque les installations sous-lance ne sont pas possibles en raison de restrictions de construction, les capteurs de chute sont un outil alternatif pour le contr\u00f4le automatique des BOF.\u00a0Le capteur Quik-Tap est lib\u00e9r\u00e9 d&#8217;un dispositif de chargement automatique, laissant tomber le BOF dans la chemin\u00e9e des gaz d&#8217;\u00e9chappement, se d\u00e9pla\u00e7ant dans le convertisseur, o\u00f9 il effectue la mesure.\u00a0Nous avons des versions de capteur de temp\u00e9rature uniquement, combinant oxyg\u00e8ne \/ temp\u00e9rature et carbone \/ temp\u00e9rature.<\/span><\/p><p><span style=\"color: #000000;\"><span style=\"color: #ff9900;\"><strong>Capteur<\/strong>\u00a0:<\/span> QuiK-Tap<\/span><\/p><h5><span style=\"color: #ff9900;\">Sous-lances<\/span><\/h5><p><span style=\"color: #000000;\">Un ensemble personnalis\u00e9 de sondes sous-lance pour le contr\u00f4le BOF combine diff\u00e9rentes techniques de mesure dans un seul capteur.\u00a0La mesure de la temp\u00e9rature, le carbone par analyse thermique, l&#8217;activit\u00e9 de l&#8217;oxyg\u00e8ne et l&#8217;obtention d&#8217;un \u00e9chantillon solide pour l&#8217;analyse chimique sont combin\u00e9s.\u00a0La mise \u00e0 jour des mod\u00e8les thermiques et m\u00e9tallurgiques gr\u00e2ce \u00e0 la technologie sous-lance permet de prendre des d\u00e9cisions pour une coul\u00e9e rapide, raccourcissant le temps entre les coul\u00e9es (tap-to-tap) et donc une production plus efficace dans les processus primaires de fabrication de l&#8217;acier .<\/span><\/p><p><span style=\"color: #000000;\"><span style=\"color: #ff9900;\"><strong>Capteur:<\/strong><\/span>\u00a0Multi-Lance<\/span><\/p><p><a href=\"https:\/\/mmcholding.org\/fr\/wp-content\/uploads\/2021\/02\/iM2_Sensor_Lab_dropsensors_image_w700.jpg\"><img fetchpriority=\"high\" decoding=\"async\" class=\"alignleft wp-image-1858 size-medium\" src=\"https:\/\/mmcholding.org\/fr\/wp-content\/uploads\/2021\/02\/iM2_Sensor_Lab_dropsensors_image_w700-300x167.jpg\" alt=\"\" width=\"300\" height=\"167\" srcset=\"https:\/\/mmcholding.org\/fr\/wp-content\/uploads\/2021\/02\/iM2_Sensor_Lab_dropsensors_image_w700-300x167.jpg 300w, https:\/\/mmcholding.org\/fr\/wp-content\/uploads\/2021\/02\/iM2_Sensor_Lab_dropsensors_image_w700.jpg 700w\" sizes=\"(max-width: 300px) 100vw, 300px\" \/><\/a><\/p>\t\t\t\t\t\t<\/div>\n\t\t\t\t<\/div>\n\t\t\t\t\t<\/div>\n\t\t<\/div>\n\t\t\t\t\t<\/div>\n\t\t<\/section>\n\t\t\t\t<\/div>\n\t\t","protected":false},"excerpt":{"rendered":"<p>Acier MMC\u00a0 propose une large gamme de sondes de mesure, d\u2019\u00e9chantillonneurs et d\u2019instruments pour les applications en acier liquide. Sous-lancements et \u00abcapteurs de chute\u00bb Capteurs de chute En option, et lorsque les installations sous-lance ne sont pas possibles en raison de restrictions de construction, les capteurs de chute sont un outil alternatif pour le contr\u00f4le [&hellip;]<\/p>\n","protected":false},"author":4,"featured_media":0,"parent":0,"menu_order":0,"comment_status":"closed","ping_status":"closed","template":"elementor_header_footer","meta":{"footnotes":""},"class_list":["post-1115","page","type-page","status-publish","hentry"],"_links":{"self":[{"href":"https:\/\/mmcholding.org\/fr\/wp-json\/wp\/v2\/pages\/1115","targetHints":{"allow":["GET"]}}],"collection":[{"href":"https:\/\/mmcholding.org\/fr\/wp-json\/wp\/v2\/pages"}],"about":[{"href":"https:\/\/mmcholding.org\/fr\/wp-json\/wp\/v2\/types\/page"}],"author":[{"embeddable":true,"href":"https:\/\/mmcholding.org\/fr\/wp-json\/wp\/v2\/users\/4"}],"replies":[{"embeddable":true,"href":"https:\/\/mmcholding.org\/fr\/wp-json\/wp\/v2\/comments?post=1115"}],"version-history":[{"count":35,"href":"https:\/\/mmcholding.org\/fr\/wp-json\/wp\/v2\/pages\/1115\/revisions"}],"predecessor-version":[{"id":3855,"href":"https:\/\/mmcholding.org\/fr\/wp-json\/wp\/v2\/pages\/1115\/revisions\/3855"}],"wp:attachment":[{"href":"https:\/\/mmcholding.org\/fr\/wp-json\/wp\/v2\/media?parent=1115"}],"curies":[{"name":"wp","href":"https:\/\/api.w.org\/{rel}","templated":true}]}}